{"id":61,"date":"2023-10-07T10:10:00","date_gmt":"2023-10-07T10:10:00","guid":{"rendered":"https:\/\/tmd.lu\/?page_id=61"},"modified":"2025-10-27T09:33:11","modified_gmt":"2025-10-27T08:33:11","slug":"geschicht","status":"publish","type":"page","link":"https:\/\/tmd.lu\/?page_id=61","title":{"rendered":"Geschicht"},"content":{"rendered":"\n<p>Den D\u00e9ifferdanger Theater , Th\u00e9\u00e2tre Municipal de la Ville de Differdange , huet ewell eng baal honnert Joer aal Geschicht.<\/p>\n\n\n\n<p>Ugeffaangen huet et 1909 w\u00e9i sech d\u2019Union des Jeunes Gens zu D\u00e9ifferdang zusummen fond huet &nbsp;fier Theateropf\u00e9ierungen ze spillen.<\/p>\n\n\n\n<p>1935 g\u00ebtt een zweeten Ensembel gegr\u00ebnnt, et sinn daat d\u2019THEATERFR\u00cbNN.<\/p>\n\n\n\n<p>De Grupp Theaterfr\u00ebnn huet en enormen Succ\u00e8s schons 1947 mat Frailiichttheater, a g\u00ebtt &nbsp;eng &nbsp;A.s.b.l. .<\/p>\n\n\n\n<p>1949 nennt sech d\u2019 Union des Jeunes Gens UNION AMICALE ET THEATRALE<\/p>\n\n\n\n<p>D\u201950er an d\u201960er Joren brengen den Fernseh a Danzlokaler bei d\u2019Leit. An der D\u00e9ifferdanger<\/p>\n\n\n\n<p>Theaterszeen k\u00ebnnt et zu engem Abroch. Et g\u00ebtt keen Theater m\u00e9i gespillt.<\/p>\n\n\n\n<p>Endlech 1973 setzen sech e puer Begeeschteter zusummen, an et kann erem e Steck opgefouert ginn . D\u2019Akteuren hu Blut geleckt, a sie spillen a Caf\u00e9en weider. Et kann e also soen<\/p>\n\n\n\n<p>\u201ebei Null erem ugefaangen\u201c<\/p>\n\n\n\n<p>Do emmer a klengem Krees gespillt g\u00ebtt, dr\u00e4ngt sech 1976 eng Fusioun teschent der Union Amicale Th\u00e9\u00e2trale a den Theaterfr\u00ebnn op. Et entsteet esou<\/p>\n\n\n\n<p>d\u2019Union Amicale Theaterfr\u00ebnn D\u00e9ifferdeng.&nbsp;(UAT)<\/p>\n\n\n\n<p>Mam Bau vum Centre Nopeney zu Uewerkur kritt d\u2019Uewerkuerer Musek e neien Prouwsall, an esou kann d\u2019Union Amicale Theaterfr\u00ebnn deen aale Prouwsall als Theatersall emfonktion\u00e9ieren. Nach haut f\u00e9ieren m\u00e4r ons Stecker an d\u00ebsem Sall op.<\/p>\n\n\n\n<p>Lues a lues kommen emmer m\u00e9i Spektateuren, an d\u2019UAT feiert e Succ\u00e8s no dem aaneren mat sengen Stecker a geh\u00e9iert geschwenn zu engem vun de beschten Ensemblen am Land<\/p>\n\n\n\n<p>2003 iwwereecht d\u2019 D\u00e9ifferdenger Gemeng der UAT den M\u00e9rite Culturel de la Ville de Differdange an &nbsp;den Titel Th\u00e9\u00e2tre Municipal de la Ville de Differdange.<\/p>\n\n\n\n<p>Zanter der Fusioun sinn iwwert 60 Stecker gespillt ginn, an den Th\u00e9\u00e2tre Municipal de la Ville de Differdange freet sech all Saison bis zu 3500 Spektateuren d\u00e4rfen ze begr\u00e9issen.<\/p>\n\n\n\n<p>Mier hoffen dass D\u00e4r ons weiderhin trei bleifft, an mat ons nach vill sch\u00e9in Stonne verbrengen w\u00e4rt.<\/p>\n\n\n\n<p>De Willy Millowitsch huet eng K\u00e9ier gesoot:<\/p>\n\n\n\n<p>Bringt den Leuten was Lustiges ! Trauriges haben sie genug.<\/p>\n\n\n\n<p>Daat soll och an Zukunft onsen Motto sinn, an D\u00e4r w\u00ebsst jo :<\/p>\n\n\n\n<p>W\u00e9\u00e9n hei n\u00ebt laacht\u2026\u2026\u2026..ass selver schold !<\/p>\n","protected":false},"excerpt":{"rendered":"<p>Den D\u00e9ifferdanger Theater , Th\u00e9\u00e2tre Municipal de la Ville de Differdange , huet ewell eng baal honnert Joer aal Geschicht. Ugeffaangen huet et 1909 w\u00e9i &hellip;<\/p>\n","protected":false},"author":1,"featured_media":0,"parent":0,"menu_order":0,"comment_status":"closed","ping_status":"closed","template":"","meta":{"footnotes":""},"class_list":["post-61","page","type-page","status-publish","hentry"],"_links":{"self":[{"href":"https:\/\/tmd.lu\/index.php?rest_route=\/wp\/v2\/pages\/61","targetHints":{"allow":["GET"]}}],"collection":[{"href":"https:\/\/tmd.lu\/index.php?rest_route=\/wp\/v2\/pages"}],"about":[{"href":"https:\/\/tmd.lu\/index.php?rest_route=\/wp\/v2\/types\/page"}],"author":[{"embeddable":true,"href":"https:\/\/tmd.lu\/index.php?rest_route=\/wp\/v2\/users\/1"}],"replies":[{"embeddable":true,"href":"https:\/\/tmd.lu\/index.php?rest_route=%2Fwp%2Fv2%2Fcomments&post=61"}],"version-history":[{"count":5,"href":"https:\/\/tmd.lu\/index.php?rest_route=\/wp\/v2\/pages\/61\/revisions"}],"predecessor-version":[{"id":3256,"href":"https:\/\/tmd.lu\/index.php?rest_route=\/wp\/v2\/pages\/61\/revisions\/3256"}],"wp:attachment":[{"href":"https:\/\/tmd.lu\/index.php?rest_route=%2Fwp%2Fv2%2Fmedia&parent=61"}],"curies":[{"name":"wp","href":"https:\/\/api.w.org\/{rel}","templated":true}]}}