{"id":594,"date":"2023-11-10T19:40:21","date_gmt":"2023-11-10T19:40:21","guid":{"rendered":"https:\/\/tmd.lu\/?page_id=594"},"modified":"2023-11-10T19:41:52","modified_gmt":"2023-11-10T19:41:52","slug":"594-2","status":"publish","type":"page","link":"https:\/\/tmd.lu\/?page_id=594","title":{"rendered":"De bloen Hary"},"content":{"rendered":"\n<figure class=\"wp-block-gallery has-nested-images columns-default is-cropped has-sitebg-background-color has-background wp-block-gallery-1 is-layout-flex wp-block-gallery-is-layout-flex\">\n<figure class=\"wp-block-image size-large\"><img loading=\"lazy\" decoding=\"async\" width=\"1000\" height=\"667\" data-id=\"595\" src=\"https:\/\/tmd.lu\/wp-content\/uploads\/2023\/11\/001_de_bloen_hary_tmd_16140299419_o.jpg\" alt=\"\" class=\"wp-image-595\" srcset=\"https:\/\/tmd.lu\/wp-content\/uploads\/2023\/11\/001_de_bloen_hary_tmd_16140299419_o.jpg 1000w, https:\/\/tmd.lu\/wp-content\/uploads\/2023\/11\/001_de_bloen_hary_tmd_16140299419_o-300x200.jpg 300w, https:\/\/tmd.lu\/wp-content\/uploads\/2023\/11\/001_de_bloen_hary_tmd_16140299419_o-768x512.jpg 768w, https:\/\/tmd.lu\/wp-content\/uploads\/2023\/11\/001_de_bloen_hary_tmd_16140299419_o-450x300.jpg 450w\" sizes=\"auto, (max-width: 1000px) 100vw, 1000px\" \/><figcaption class=\"wp-element-caption\">Th\u00e9\u00e2tre &#8222;De bloen Hary&#8220; Th\u00e9\u00e2tre municipal Differdange  &#8211; 11.01.2015<\/figcaption><\/figure>\n\n\n\n<figure class=\"wp-block-image size-large\"><img loading=\"lazy\" decoding=\"async\" width=\"1000\" height=\"667\" data-id=\"596\" src=\"https:\/\/tmd.lu\/wp-content\/uploads\/2023\/11\/011_de_bloen_hary_tmd_15704083734_o.jpg\" alt=\"\" class=\"wp-image-596\" srcset=\"https:\/\/tmd.lu\/wp-content\/uploads\/2023\/11\/011_de_bloen_hary_tmd_15704083734_o.jpg 1000w, https:\/\/tmd.lu\/wp-content\/uploads\/2023\/11\/011_de_bloen_hary_tmd_15704083734_o-300x200.jpg 300w, https:\/\/tmd.lu\/wp-content\/uploads\/2023\/11\/011_de_bloen_hary_tmd_15704083734_o-768x512.jpg 768w, https:\/\/tmd.lu\/wp-content\/uploads\/2023\/11\/011_de_bloen_hary_tmd_15704083734_o-450x300.jpg 450w\" sizes=\"auto, (max-width: 1000px) 100vw, 1000px\" \/><figcaption class=\"wp-element-caption\">Th\u00e9\u00e2tre &#8222;De bloen Hary&#8220; Th\u00e9\u00e2tre municipal Differdange  &#8211; 11.01.2015<\/figcaption><\/figure>\n\n\n\n<figure class=\"wp-block-image size-large\"><img loading=\"lazy\" decoding=\"async\" width=\"1000\" height=\"667\" data-id=\"598\" src=\"https:\/\/tmd.lu\/wp-content\/uploads\/2023\/11\/027_de_bloen_hary_tmd_16325640302_o.jpg\" alt=\"\" class=\"wp-image-598\" srcset=\"https:\/\/tmd.lu\/wp-content\/uploads\/2023\/11\/027_de_bloen_hary_tmd_16325640302_o.jpg 1000w, https:\/\/tmd.lu\/wp-content\/uploads\/2023\/11\/027_de_bloen_hary_tmd_16325640302_o-300x200.jpg 300w, https:\/\/tmd.lu\/wp-content\/uploads\/2023\/11\/027_de_bloen_hary_tmd_16325640302_o-768x512.jpg 768w, https:\/\/tmd.lu\/wp-content\/uploads\/2023\/11\/027_de_bloen_hary_tmd_16325640302_o-450x300.jpg 450w\" sizes=\"auto, (max-width: 1000px) 100vw, 1000px\" \/><figcaption class=\"wp-element-caption\">Th\u00e9\u00e2tre &#8222;De bloen Hary&#8220; Th\u00e9\u00e2tre municipal Differdange  &#8211; 11.01.2015<\/figcaption><\/figure>\n\n\n\n<figure class=\"wp-block-image size-large\"><img loading=\"lazy\" decoding=\"async\" width=\"1000\" height=\"667\" data-id=\"597\" src=\"https:\/\/tmd.lu\/wp-content\/uploads\/2023\/11\/034_de_bloen_hary_tmd_16140299339_o.jpg\" alt=\"\" class=\"wp-image-597\" srcset=\"https:\/\/tmd.lu\/wp-content\/uploads\/2023\/11\/034_de_bloen_hary_tmd_16140299339_o.jpg 1000w, https:\/\/tmd.lu\/wp-content\/uploads\/2023\/11\/034_de_bloen_hary_tmd_16140299339_o-300x200.jpg 300w, https:\/\/tmd.lu\/wp-content\/uploads\/2023\/11\/034_de_bloen_hary_tmd_16140299339_o-768x512.jpg 768w, https:\/\/tmd.lu\/wp-content\/uploads\/2023\/11\/034_de_bloen_hary_tmd_16140299339_o-450x300.jpg 450w\" sizes=\"auto, (max-width: 1000px) 100vw, 1000px\" \/><figcaption class=\"wp-element-caption\">Th\u00e9\u00e2tre &#8222;De bloen Hary&#8220; Th\u00e9\u00e2tre municipal Differdange  &#8211; 11.01.2015<\/figcaption><\/figure>\n\n\n\n<figure class=\"wp-block-image size-large\"><img loading=\"lazy\" decoding=\"async\" width=\"667\" height=\"1000\" data-id=\"600\" src=\"https:\/\/tmd.lu\/wp-content\/uploads\/2023\/11\/045_de_bloen_hary_tmd_15704083324_o.jpg\" alt=\"\" class=\"wp-image-600\" srcset=\"https:\/\/tmd.lu\/wp-content\/uploads\/2023\/11\/045_de_bloen_hary_tmd_15704083324_o.jpg 667w, https:\/\/tmd.lu\/wp-content\/uploads\/2023\/11\/045_de_bloen_hary_tmd_15704083324_o-200x300.jpg 200w\" sizes=\"auto, (max-width: 667px) 100vw, 667px\" \/><figcaption class=\"wp-element-caption\">Th\u00e9\u00e2tre &#8222;De bloen Hary&#8220; Th\u00e9\u00e2tre municipal Differdange  &#8211; 11.01.2015<\/figcaption><\/figure>\n\n\n\n<figure class=\"wp-block-image size-large\"><img loading=\"lazy\" decoding=\"async\" width=\"667\" height=\"1000\" data-id=\"601\" src=\"https:\/\/tmd.lu\/wp-content\/uploads\/2023\/11\/061_de_bloen_hary_tmd_15704083664_o.jpg\" alt=\"\" class=\"wp-image-601\" srcset=\"https:\/\/tmd.lu\/wp-content\/uploads\/2023\/11\/061_de_bloen_hary_tmd_15704083664_o.jpg 667w, https:\/\/tmd.lu\/wp-content\/uploads\/2023\/11\/061_de_bloen_hary_tmd_15704083664_o-200x300.jpg 200w\" sizes=\"auto, (max-width: 667px) 100vw, 667px\" \/><figcaption class=\"wp-element-caption\">Th\u00e9\u00e2tre &#8222;De bloen Hary&#8220; Th\u00e9\u00e2tre municipal Differdange  &#8211; 11.01.2015<\/figcaption><\/figure>\n\n\n\n<figure class=\"wp-block-image size-large\"><img loading=\"lazy\" decoding=\"async\" width=\"667\" height=\"1000\" data-id=\"599\" src=\"https:\/\/tmd.lu\/wp-content\/uploads\/2023\/11\/065_de_bloen_hary_tmd_16324716951_o.jpg\" alt=\"\" class=\"wp-image-599\" srcset=\"https:\/\/tmd.lu\/wp-content\/uploads\/2023\/11\/065_de_bloen_hary_tmd_16324716951_o.jpg 667w, https:\/\/tmd.lu\/wp-content\/uploads\/2023\/11\/065_de_bloen_hary_tmd_16324716951_o-200x300.jpg 200w\" sizes=\"auto, (max-width: 667px) 100vw, 667px\" \/><figcaption class=\"wp-element-caption\">Th\u00e9\u00e2tre &#8222;De bloen Hary&#8220; Th\u00e9\u00e2tre municipal Differdange  &#8211; 11.01.2015<\/figcaption><\/figure>\n\n\n\n<figure class=\"wp-block-image size-large\"><img loading=\"lazy\" decoding=\"async\" width=\"1000\" height=\"667\" data-id=\"602\" src=\"https:\/\/tmd.lu\/wp-content\/uploads\/2023\/11\/071_de_bloen_hary_tmd_15704083634_o.jpg\" alt=\"\" class=\"wp-image-602\" srcset=\"https:\/\/tmd.lu\/wp-content\/uploads\/2023\/11\/071_de_bloen_hary_tmd_15704083634_o.jpg 1000w, https:\/\/tmd.lu\/wp-content\/uploads\/2023\/11\/071_de_bloen_hary_tmd_15704083634_o-300x200.jpg 300w, https:\/\/tmd.lu\/wp-content\/uploads\/2023\/11\/071_de_bloen_hary_tmd_15704083634_o-768x512.jpg 768w, https:\/\/tmd.lu\/wp-content\/uploads\/2023\/11\/071_de_bloen_hary_tmd_15704083634_o-450x300.jpg 450w\" sizes=\"auto, (max-width: 1000px) 100vw, 1000px\" \/><figcaption class=\"wp-element-caption\">Th\u00e9\u00e2tre &#8222;De bloen Hary&#8220; Th\u00e9\u00e2tre municipal Differdange  &#8211; 11.01.2015<\/figcaption><\/figure>\n\n\n\n<figure class=\"wp-block-image size-large\"><img loading=\"lazy\" decoding=\"async\" width=\"1000\" height=\"667\" data-id=\"603\" src=\"https:\/\/tmd.lu\/wp-content\/uploads\/2023\/11\/078_de_bloen_hary_tmd_16139123940_o.jpg\" alt=\"\" class=\"wp-image-603\" srcset=\"https:\/\/tmd.lu\/wp-content\/uploads\/2023\/11\/078_de_bloen_hary_tmd_16139123940_o.jpg 1000w, https:\/\/tmd.lu\/wp-content\/uploads\/2023\/11\/078_de_bloen_hary_tmd_16139123940_o-300x200.jpg 300w, https:\/\/tmd.lu\/wp-content\/uploads\/2023\/11\/078_de_bloen_hary_tmd_16139123940_o-768x512.jpg 768w, https:\/\/tmd.lu\/wp-content\/uploads\/2023\/11\/078_de_bloen_hary_tmd_16139123940_o-450x300.jpg 450w\" sizes=\"auto, (max-width: 1000px) 100vw, 1000px\" \/><figcaption class=\"wp-element-caption\">Th\u00e9\u00e2tre &#8222;De bloen Hary&#8220; Th\u00e9\u00e2tre municipal Differdange  &#8211; 11.01.2015<\/figcaption><\/figure>\n\n\n\n<figure class=\"wp-block-image size-large\"><img loading=\"lazy\" decoding=\"async\" width=\"1000\" height=\"667\" data-id=\"604\" src=\"https:\/\/tmd.lu\/wp-content\/uploads\/2023\/11\/081_de_bloen_hary_tmd_16139124030_o.jpg\" alt=\"\" class=\"wp-image-604\" srcset=\"https:\/\/tmd.lu\/wp-content\/uploads\/2023\/11\/081_de_bloen_hary_tmd_16139124030_o.jpg 1000w, https:\/\/tmd.lu\/wp-content\/uploads\/2023\/11\/081_de_bloen_hary_tmd_16139124030_o-300x200.jpg 300w, https:\/\/tmd.lu\/wp-content\/uploads\/2023\/11\/081_de_bloen_hary_tmd_16139124030_o-768x512.jpg 768w, https:\/\/tmd.lu\/wp-content\/uploads\/2023\/11\/081_de_bloen_hary_tmd_16139124030_o-450x300.jpg 450w\" sizes=\"auto, (max-width: 1000px) 100vw, 1000px\" \/><figcaption class=\"wp-element-caption\">Th\u00e9\u00e2tre &#8222;De bloen Hary&#8220; Th\u00e9\u00e2tre municipal Differdange  &#8211; 11.01.2015<\/figcaption><\/figure>\n\n\n\n<figure class=\"wp-block-image size-large\"><img loading=\"lazy\" decoding=\"async\" width=\"667\" height=\"1000\" data-id=\"605\" src=\"https:\/\/tmd.lu\/wp-content\/uploads\/2023\/11\/084_de_bloen_hary_tmd_15706599583_o.jpg\" alt=\"\" class=\"wp-image-605\" srcset=\"https:\/\/tmd.lu\/wp-content\/uploads\/2023\/11\/084_de_bloen_hary_tmd_15706599583_o.jpg 667w, https:\/\/tmd.lu\/wp-content\/uploads\/2023\/11\/084_de_bloen_hary_tmd_15706599583_o-200x300.jpg 200w\" sizes=\"auto, (max-width: 667px) 100vw, 667px\" \/><figcaption class=\"wp-element-caption\">Th\u00e9\u00e2tre &#8222;De bloen Hary&#8220; Th\u00e9\u00e2tre municipal Differdange  &#8211; 11.01.2015<\/figcaption><\/figure>\n\n\n\n<figure class=\"wp-block-image size-large\"><img loading=\"lazy\" decoding=\"async\" width=\"667\" height=\"1000\" data-id=\"606\" src=\"https:\/\/tmd.lu\/wp-content\/uploads\/2023\/11\/095_de_bloen_hary_tmd_16326510065_o.jpg\" alt=\"\" class=\"wp-image-606\" srcset=\"https:\/\/tmd.lu\/wp-content\/uploads\/2023\/11\/095_de_bloen_hary_tmd_16326510065_o.jpg 667w, https:\/\/tmd.lu\/wp-content\/uploads\/2023\/11\/095_de_bloen_hary_tmd_16326510065_o-200x300.jpg 200w\" sizes=\"auto, (max-width: 667px) 100vw, 667px\" \/><figcaption class=\"wp-element-caption\">Th\u00e9\u00e2tre &#8222;De bloen Hary&#8220; Th\u00e9\u00e2tre municipal Differdange  &#8211; 11.01.2015<\/figcaption><\/figure>\n\n\n\n<figure class=\"wp-block-image size-large\"><img loading=\"lazy\" decoding=\"async\" width=\"667\" height=\"1000\" data-id=\"607\" src=\"https:\/\/tmd.lu\/wp-content\/uploads\/2023\/11\/102_de_bloen_hary_tmd_16140616857_o.jpg\" alt=\"\" class=\"wp-image-607\" srcset=\"https:\/\/tmd.lu\/wp-content\/uploads\/2023\/11\/102_de_bloen_hary_tmd_16140616857_o.jpg 667w, https:\/\/tmd.lu\/wp-content\/uploads\/2023\/11\/102_de_bloen_hary_tmd_16140616857_o-200x300.jpg 200w\" sizes=\"auto, (max-width: 667px) 100vw, 667px\" \/><figcaption class=\"wp-element-caption\">Th\u00e9\u00e2tre &#8222;De bloen Hary&#8220; Th\u00e9\u00e2tre municipal Differdange  &#8211; 11.01.2015<\/figcaption><\/figure>\n\n\n\n<figure class=\"wp-block-image size-large\"><img loading=\"lazy\" decoding=\"async\" width=\"667\" height=\"1000\" data-id=\"609\" src=\"https:\/\/tmd.lu\/wp-content\/uploads\/2023\/11\/112_de_bloen_hary_tmd_15706599793_o.jpg\" alt=\"\" class=\"wp-image-609\" srcset=\"https:\/\/tmd.lu\/wp-content\/uploads\/2023\/11\/112_de_bloen_hary_tmd_15706599793_o.jpg 667w, https:\/\/tmd.lu\/wp-content\/uploads\/2023\/11\/112_de_bloen_hary_tmd_15706599793_o-200x300.jpg 200w\" sizes=\"auto, (max-width: 667px) 100vw, 667px\" \/><figcaption class=\"wp-element-caption\">Th\u00e9\u00e2tre &#8222;De bloen Hary&#8220; Th\u00e9\u00e2tre municipal Differdange  &#8211; 11.01.2015<\/figcaption><\/figure>\n\n\n\n<figure class=\"wp-block-image size-large\"><img loading=\"lazy\" decoding=\"async\" width=\"667\" height=\"1000\" data-id=\"608\" src=\"https:\/\/tmd.lu\/wp-content\/uploads\/2023\/11\/123_de_bloen_hary_tmd_16140299049_o.jpg\" alt=\"\" class=\"wp-image-608\" srcset=\"https:\/\/tmd.lu\/wp-content\/uploads\/2023\/11\/123_de_bloen_hary_tmd_16140299049_o.jpg 667w, https:\/\/tmd.lu\/wp-content\/uploads\/2023\/11\/123_de_bloen_hary_tmd_16140299049_o-200x300.jpg 200w\" sizes=\"auto, (max-width: 667px) 100vw, 667px\" \/><figcaption class=\"wp-element-caption\">Th\u00e9\u00e2tre &#8222;De bloen Hary&#8220; Th\u00e9\u00e2tre municipal Differdange  &#8211; 11.01.2015<\/figcaption><\/figure>\n\n\n\n<figure class=\"wp-block-image size-large\"><img loading=\"lazy\" decoding=\"async\" width=\"667\" height=\"1000\" data-id=\"610\" src=\"https:\/\/tmd.lu\/wp-content\/uploads\/2023\/11\/136_de_bloen_hary_tmd_16139124170_o.jpg\" alt=\"\" class=\"wp-image-610\" srcset=\"https:\/\/tmd.lu\/wp-content\/uploads\/2023\/11\/136_de_bloen_hary_tmd_16139124170_o.jpg 667w, https:\/\/tmd.lu\/wp-content\/uploads\/2023\/11\/136_de_bloen_hary_tmd_16139124170_o-200x300.jpg 200w\" sizes=\"auto, (max-width: 667px) 100vw, 667px\" \/><figcaption class=\"wp-element-caption\">Th\u00e9\u00e2tre &#8222;De bloen Hary&#8220; Th\u00e9\u00e2tre municipal Differdange  &#8211; 11.01.2015<\/figcaption><\/figure>\n\n\n\n<figure class=\"wp-block-image size-large\"><img loading=\"lazy\" decoding=\"async\" width=\"667\" height=\"1000\" data-id=\"611\" src=\"https:\/\/tmd.lu\/wp-content\/uploads\/2023\/11\/146_de_bloen_hary_tmd_16140298819_o.jpg\" alt=\"\" class=\"wp-image-611\" srcset=\"https:\/\/tmd.lu\/wp-content\/uploads\/2023\/11\/146_de_bloen_hary_tmd_16140298819_o.jpg 667w, https:\/\/tmd.lu\/wp-content\/uploads\/2023\/11\/146_de_bloen_hary_tmd_16140298819_o-200x300.jpg 200w\" sizes=\"auto, (max-width: 667px) 100vw, 667px\" \/><figcaption class=\"wp-element-caption\">Th\u00e9\u00e2tre &#8222;De bloen Hary&#8220; Th\u00e9\u00e2tre municipal Differdange  &#8211; 11.01.2015<\/figcaption><\/figure>\n<\/figure>\n","protected":false},"excerpt":{"rendered":"","protected":false},"author":4,"featured_media":0,"parent":380,"menu_order":0,"comment_status":"closed","ping_status":"closed","template":"","meta":{"footnotes":""},"class_list":["post-594","page","type-page","status-publish","hentry"],"_links":{"self":[{"href":"https:\/\/tmd.lu\/index.php?rest_route=\/wp\/v2\/pages\/594","targetHints":{"allow":["GET"]}}],"collection":[{"href":"https:\/\/tmd.lu\/index.php?rest_route=\/wp\/v2\/pages"}],"about":[{"href":"https:\/\/tmd.lu\/index.php?rest_route=\/wp\/v2\/types\/page"}],"author":[{"embeddable":true,"href":"https:\/\/tmd.lu\/index.php?rest_route=\/wp\/v2\/users\/4"}],"replies":[{"embeddable":true,"href":"https:\/\/tmd.lu\/index.php?rest_route=%2Fwp%2Fv2%2Fcomments&post=594"}],"version-history":[{"count":2,"href":"https:\/\/tmd.lu\/index.php?rest_route=\/wp\/v2\/pages\/594\/revisions"}],"predecessor-version":[{"id":614,"href":"https:\/\/tmd.lu\/index.php?rest_route=\/wp\/v2\/pages\/594\/revisions\/614"}],"up":[{"embeddable":true,"href":"https:\/\/tmd.lu\/index.php?rest_route=\/wp\/v2\/pages\/380"}],"wp:attachment":[{"href":"https:\/\/tmd.lu\/index.php?rest_route=%2Fwp%2Fv2%2Fmedia&parent=594"}],"curies":[{"name":"wp","href":"https:\/\/api.w.org\/{rel}","templated":true}]}}