{"id":503,"date":"2023-11-08T17:02:50","date_gmt":"2023-11-08T17:02:50","guid":{"rendered":"https:\/\/tmd.lu\/?page_id=503"},"modified":"2023-11-08T17:04:30","modified_gmt":"2023-11-08T17:04:30","slug":"503-2","status":"publish","type":"page","link":"https:\/\/tmd.lu\/?page_id=503","title":{"rendered":"Zwou Laichen am Keller"},"content":{"rendered":"\n<figure class=\"wp-block-gallery has-nested-images columns-default is-cropped has-sitebg-background-color has-background wp-block-gallery-1 is-layout-flex wp-block-gallery-is-layout-flex\">\n<figure class=\"wp-block-image size-large\"><img loading=\"lazy\" decoding=\"async\" width=\"1024\" height=\"683\" data-id=\"505\" src=\"https:\/\/tmd.lu\/wp-content\/uploads\/2023\/11\/216_theater_tmd_2_laichen_am_keller_39127781442_o-1024x683.jpg\" alt=\"\" class=\"wp-image-505\" srcset=\"https:\/\/tmd.lu\/wp-content\/uploads\/2023\/11\/216_theater_tmd_2_laichen_am_keller_39127781442_o-1024x683.jpg 1024w, https:\/\/tmd.lu\/wp-content\/uploads\/2023\/11\/216_theater_tmd_2_laichen_am_keller_39127781442_o-300x200.jpg 300w, https:\/\/tmd.lu\/wp-content\/uploads\/2023\/11\/216_theater_tmd_2_laichen_am_keller_39127781442_o-768x512.jpg 768w, https:\/\/tmd.lu\/wp-content\/uploads\/2023\/11\/216_theater_tmd_2_laichen_am_keller_39127781442_o-450x300.jpg 450w, https:\/\/tmd.lu\/wp-content\/uploads\/2023\/11\/216_theater_tmd_2_laichen_am_keller_39127781442_o.jpg 1500w\" sizes=\"auto, (max-width: 1024px) 100vw, 1024px\" \/><figcaption class=\"wp-element-caption\">Th\u00e9\u00e2tre Municipal de Differdange &#8211; TMD &#8211; 2 L\u00e4ichen am Keller &#8211; Differdanger &#8211; 16.12.2017 \u00a9 claude piscitelli<\/figcaption><\/figure>\n\n\n\n<figure class=\"wp-block-image size-large\"><img loading=\"lazy\" decoding=\"async\" width=\"1024\" height=\"683\" data-id=\"504\" src=\"https:\/\/tmd.lu\/wp-content\/uploads\/2023\/11\/367_theater_tmd_2_laichen_am_keller_38277333225_o-1024x683.jpg\" alt=\"\" class=\"wp-image-504\" srcset=\"https:\/\/tmd.lu\/wp-content\/uploads\/2023\/11\/367_theater_tmd_2_laichen_am_keller_38277333225_o-1024x683.jpg 1024w, https:\/\/tmd.lu\/wp-content\/uploads\/2023\/11\/367_theater_tmd_2_laichen_am_keller_38277333225_o-300x200.jpg 300w, https:\/\/tmd.lu\/wp-content\/uploads\/2023\/11\/367_theater_tmd_2_laichen_am_keller_38277333225_o-768x512.jpg 768w, https:\/\/tmd.lu\/wp-content\/uploads\/2023\/11\/367_theater_tmd_2_laichen_am_keller_38277333225_o-450x300.jpg 450w, https:\/\/tmd.lu\/wp-content\/uploads\/2023\/11\/367_theater_tmd_2_laichen_am_keller_38277333225_o.jpg 1500w\" sizes=\"auto, (max-width: 1024px) 100vw, 1024px\" \/><figcaption class=\"wp-element-caption\">Th\u00e9\u00e2tre Municipal de Differdange &#8211; TMD &#8211; 2 L\u00e4ichen am Keller &#8211; Differdanger &#8211; 16.12.2017 \u00a9 claude piscitelli<\/figcaption><\/figure>\n\n\n\n<figure class=\"wp-block-image size-large\"><img loading=\"lazy\" decoding=\"async\" width=\"1024\" height=\"683\" data-id=\"508\" src=\"https:\/\/tmd.lu\/wp-content\/uploads\/2023\/11\/398_theater_tmd_2_laichen_am_keller_39127778432_o-1024x683.jpg\" alt=\"\" class=\"wp-image-508\" srcset=\"https:\/\/tmd.lu\/wp-content\/uploads\/2023\/11\/398_theater_tmd_2_laichen_am_keller_39127778432_o-1024x683.jpg 1024w, https:\/\/tmd.lu\/wp-content\/uploads\/2023\/11\/398_theater_tmd_2_laichen_am_keller_39127778432_o-300x200.jpg 300w, https:\/\/tmd.lu\/wp-content\/uploads\/2023\/11\/398_theater_tmd_2_laichen_am_keller_39127778432_o-768x512.jpg 768w, https:\/\/tmd.lu\/wp-content\/uploads\/2023\/11\/398_theater_tmd_2_laichen_am_keller_39127778432_o-450x300.jpg 450w, https:\/\/tmd.lu\/wp-content\/uploads\/2023\/11\/398_theater_tmd_2_laichen_am_keller_39127778432_o.jpg 1500w\" sizes=\"auto, (max-width: 1024px) 100vw, 1024px\" \/><figcaption class=\"wp-element-caption\">Th\u00e9\u00e2tre Municipal de Differdange &#8211; TMD &#8211; 2 L\u00e4ichen am Keller &#8211; Differdanger &#8211; 16.12.2017 \u00a9 claude piscitelli<\/figcaption><\/figure>\n\n\n\n<figure class=\"wp-block-image size-large\"><img loading=\"lazy\" decoding=\"async\" width=\"1024\" height=\"1024\" data-id=\"507\" src=\"https:\/\/tmd.lu\/wp-content\/uploads\/2023\/11\/535_theater_tmd_2_laichen_am_keller_39157993881_o-1024x1024.jpg\" alt=\"\" class=\"wp-image-507\" srcset=\"https:\/\/tmd.lu\/wp-content\/uploads\/2023\/11\/535_theater_tmd_2_laichen_am_keller_39157993881_o-1024x1024.jpg 1024w, https:\/\/tmd.lu\/wp-content\/uploads\/2023\/11\/535_theater_tmd_2_laichen_am_keller_39157993881_o-300x300.jpg 300w, https:\/\/tmd.lu\/wp-content\/uploads\/2023\/11\/535_theater_tmd_2_laichen_am_keller_39157993881_o-150x150.jpg 150w, https:\/\/tmd.lu\/wp-content\/uploads\/2023\/11\/535_theater_tmd_2_laichen_am_keller_39157993881_o-768x768.jpg 768w, https:\/\/tmd.lu\/wp-content\/uploads\/2023\/11\/535_theater_tmd_2_laichen_am_keller_39157993881_o.jpg 1500w\" sizes=\"auto, (max-width: 1024px) 100vw, 1024px\" \/><figcaption class=\"wp-element-caption\">Th\u00e9\u00e2tre Municipal de Differdange &#8211; TMD &#8211; 2 L\u00e4ichen am Keller &#8211; Differdanger &#8211; 16.12.2017 \u00a9 claude piscitelli<\/figcaption><\/figure>\n\n\n\n<figure class=\"wp-block-image size-large\"><img loading=\"lazy\" decoding=\"async\" width=\"1024\" height=\"683\" data-id=\"506\" src=\"https:\/\/tmd.lu\/wp-content\/uploads\/2023\/11\/665_theater_tmd_2_laichen_am_keller_38277333425_o-1024x683.jpg\" alt=\"\" class=\"wp-image-506\" srcset=\"https:\/\/tmd.lu\/wp-content\/uploads\/2023\/11\/665_theater_tmd_2_laichen_am_keller_38277333425_o-1024x683.jpg 1024w, https:\/\/tmd.lu\/wp-content\/uploads\/2023\/11\/665_theater_tmd_2_laichen_am_keller_38277333425_o-300x200.jpg 300w, https:\/\/tmd.lu\/wp-content\/uploads\/2023\/11\/665_theater_tmd_2_laichen_am_keller_38277333425_o-768x512.jpg 768w, https:\/\/tmd.lu\/wp-content\/uploads\/2023\/11\/665_theater_tmd_2_laichen_am_keller_38277333425_o-450x300.jpg 450w, https:\/\/tmd.lu\/wp-content\/uploads\/2023\/11\/665_theater_tmd_2_laichen_am_keller_38277333425_o.jpg 1500w\" sizes=\"auto, (max-width: 1024px) 100vw, 1024px\" \/><figcaption class=\"wp-element-caption\">Th\u00e9\u00e2tre Municipal de Differdange &#8211; TMD &#8211; 2 L\u00e4ichen am Keller &#8211; Differdanger &#8211; 16.12.2017 \u00a9 claude piscitelli<\/figcaption><\/figure>\n<\/figure>\n","protected":false},"excerpt":{"rendered":"","protected":false},"author":4,"featured_media":0,"parent":380,"menu_order":0,"comment_status":"closed","ping_status":"closed","template":"","meta":{"footnotes":""},"class_list":["post-503","page","type-page","status-publish","hentry"],"_links":{"self":[{"href":"https:\/\/tmd.lu\/index.php?rest_route=\/wp\/v2\/pages\/503","targetHints":{"allow":["GET"]}}],"collection":[{"href":"https:\/\/tmd.lu\/index.php?rest_route=\/wp\/v2\/pages"}],"about":[{"href":"https:\/\/tmd.lu\/index.php?rest_route=\/wp\/v2\/types\/page"}],"author":[{"embeddable":true,"href":"https:\/\/tmd.lu\/index.php?rest_route=\/wp\/v2\/users\/4"}],"replies":[{"embeddable":true,"href":"https:\/\/tmd.lu\/index.php?rest_route=%2Fwp%2Fv2%2Fcomments&post=503"}],"version-history":[{"count":2,"href":"https:\/\/tmd.lu\/index.php?rest_route=\/wp\/v2\/pages\/503\/revisions"}],"predecessor-version":[{"id":511,"href":"https:\/\/tmd.lu\/index.php?rest_route=\/wp\/v2\/pages\/503\/revisions\/511"}],"up":[{"embeddable":true,"href":"https:\/\/tmd.lu\/index.php?rest_route=\/wp\/v2\/pages\/380"}],"wp:attachment":[{"href":"https:\/\/tmd.lu\/index.php?rest_route=%2Fwp%2Fv2%2Fmedia&parent=503"}],"curies":[{"name":"wp","href":"https:\/\/api.w.org\/{rel}","templated":true}]}}