{"id":4849,"date":"2026-01-25T10:19:24","date_gmt":"2026-01-25T09:19:24","guid":{"rendered":"https:\/\/tmd.lu\/?page_id=4849"},"modified":"2026-01-25T10:19:25","modified_gmt":"2026-01-25T09:19:25","slug":"reservtioun-schratt-fir-schratt","status":"publish","type":"page","link":"https:\/\/tmd.lu\/?page_id=4849","title":{"rendered":"Reservtioun Schratt fir Schratt"},"content":{"rendered":"\n<h2 class=\"wp-block-heading has-sitebg-background-color has-background\" style=\"font-size:51px\">Reservatioun Schratt fir Schratt <\/h2>\n\n\n\n<p class=\"has-text-align-left has-sitebg-background-color has-background\" style=\"font-size:24px\">Um Site <a href=\"http:\/\/www.tmd.lu\/\">www.tmd.lu<\/a> op \u201eOnline Reservatiounen\u201c klicken<\/p>\n\n\n\n<p><\/p>\n\n\n\n<figure class=\"wp-block-image size-full\"><img loading=\"lazy\" decoding=\"async\" width=\"942\" height=\"147\" src=\"https:\/\/tmd.lu\/wp-content\/uploads\/2026\/01\/image.png\" alt=\"\" class=\"wp-image-4851\" srcset=\"https:\/\/tmd.lu\/wp-content\/uploads\/2026\/01\/image.png 942w, https:\/\/tmd.lu\/wp-content\/uploads\/2026\/01\/image-300x47.png 300w, https:\/\/tmd.lu\/wp-content\/uploads\/2026\/01\/image-768x120.png 768w, https:\/\/tmd.lu\/wp-content\/uploads\/2026\/01\/image-583x91.png 583w\" sizes=\"auto, (max-width: 942px) 100vw, 942px\" \/><\/figure>\n\n\n\n<p class=\"has-headings-color has-sitebg-background-color has-text-color has-background has-link-color wp-elements-6bd22e5fed123f10aeb94c918cbc3045\" style=\"font-size:24px\">Erof scrollen bis dir d\u2018Virstellung d\u00e9i dir w\u00ebllt kucke kommen ugewise g\u00ebtt an op \u201eBUCHEN\u201c klicken.<br>NET op d\u2018Bild klicken. Wann d\u2018Bild ugeklickt g\u00ebtt hu dir eng weider onn\u00e9ideg Etapp.<\/p>\n\n\n\n<p class=\"has-sitebg-background-color has-text-color has-background has-link-color wp-elements-6ee222910349acfaeac8914675720610\" style=\"color:#f30e0e;font-size:24px\"><strong>Op &#8222;Buchen&#8220;  klicken. NET op d\u2018Bild klicken. Wann d\u2018Bild ugeklickt g\u00ebtt hu dir eng weider onn\u00e9ideg Etapp.<\/strong><\/p>\n\n\n\n<figure class=\"wp-block-image size-full\"><img loading=\"lazy\" decoding=\"async\" width=\"846\" height=\"500\" src=\"https:\/\/tmd.lu\/wp-content\/uploads\/2026\/01\/image-1.png\" alt=\"\" class=\"wp-image-4852\" srcset=\"https:\/\/tmd.lu\/wp-content\/uploads\/2026\/01\/image-1.png 846w, https:\/\/tmd.lu\/wp-content\/uploads\/2026\/01\/image-1-300x177.png 300w, https:\/\/tmd.lu\/wp-content\/uploads\/2026\/01\/image-1-768x454.png 768w, https:\/\/tmd.lu\/wp-content\/uploads\/2026\/01\/image-1-508x300.png 508w\" sizes=\"auto, (max-width: 846px) 100vw, 846px\" \/><\/figure>\n\n\n\n<p class=\"has-text-align-left has-sitebg-background-color has-text-color has-background has-link-color wp-elements-9f84be1e688347467f9d956f81348d25\" style=\"color:#f40707;font-size:24px\">Wann \u201eBUCHEN\u201c am Bild vun der Virstellung net do steet ass d\u2018Virstellung<mark style=\"background-color:rgba(0, 0, 0, 0)\" class=\"has-inline-color has-accent-1-color\"> <\/mark>ausverkaaft<\/p>\n\n\n\n<p class=\"has-sitebg-background-color has-background\" style=\"font-size:24px\">Erof scrollen bis dir de S\u00ebtzplang vum Sall gesitt<\/p>\n\n\n\n<figure class=\"wp-block-image size-full\"><img loading=\"lazy\" decoding=\"async\" width=\"858\" height=\"575\" src=\"https:\/\/tmd.lu\/wp-content\/uploads\/2026\/01\/image-2.png\" alt=\"\" class=\"wp-image-4853\" srcset=\"https:\/\/tmd.lu\/wp-content\/uploads\/2026\/01\/image-2.png 858w, https:\/\/tmd.lu\/wp-content\/uploads\/2026\/01\/image-2-300x201.png 300w, https:\/\/tmd.lu\/wp-content\/uploads\/2026\/01\/image-2-768x515.png 768w, https:\/\/tmd.lu\/wp-content\/uploads\/2026\/01\/image-2-448x300.png 448w\" sizes=\"auto, (max-width: 858px) 100vw, 858px\" \/><\/figure>\n\n\n\n<p class=\"has-sitebg-background-color has-background\" style=\"font-size:24px\">Gr\u00e9ng S\u00ebtzer kann een reserv\u00e9ieren, schwaarz oder rout S\u00ebtzer si scho besat.<br><br>D\u00e9i S\u00ebtzer d\u00e9i dir w\u00ebllt reserv\u00e9ieren uklicken d\u00e9i ginn dann orange ugewisen<\/p>\n\n\n\n<figure class=\"wp-block-image size-full is-resized\"><img loading=\"lazy\" decoding=\"async\" width=\"618\" height=\"789\" src=\"https:\/\/tmd.lu\/wp-content\/uploads\/2026\/01\/image-4.png\" alt=\"\" class=\"wp-image-4855\" style=\"aspect-ratio:0.7832656698683038;width:809px;height:auto\" srcset=\"https:\/\/tmd.lu\/wp-content\/uploads\/2026\/01\/image-4.png 618w, https:\/\/tmd.lu\/wp-content\/uploads\/2026\/01\/image-4-235x300.png 235w\" sizes=\"auto, (max-width: 618px) 100vw, 618px\" \/><\/figure>\n\n\n\n<p class=\"has-sitebg-background-color has-background\" style=\"font-size:24px\">An de Felder \u00ebnner dem S\u00ebtzplang \u00e4ren Numm, Email an Telefonsnummer uginn<br><br>Op \u201eWeiter\u201c klicken<\/p>\n\n\n\n<p><strong>Ab elo hutt dir 4 Minutten Z\u00e4it fir d\u2018Reservatioun ofzeschl\u00e9issen. Dono sinn d\u2018Platzen er\u00ebm fr\u00e4i ginn an dir musst nach emol prob\u00e9ieren.<\/strong><\/p>\n\n\n\n<p class=\"has-sitebg-background-color has-text-color has-background has-link-color wp-elements-4cf3f17980f58ca10c5e109599d6d491\" style=\"color:#f90404;font-size:24px\">Bemierkung: <strong>Ab elo hu dir 4 Minutten Z\u00e4it fir d\u2018Reservatioun ofzeschl\u00e9issen. Dono sinn d\u2018Platzen er\u00ebm fr\u00e4i ginn an dir musst nach emol prob\u00e9ieren.<\/strong><\/p>\n\n\n\n<p class=\"has-sitebg-background-color has-background\" style=\"font-size:24px\">Erof scrollen bis Folgendes uegwise g\u00ebtt an op &#8222;Reservieren&#8220; klicken<\/p>\n\n\n\n<figure class=\"wp-block-image size-full\"><img loading=\"lazy\" decoding=\"async\" width=\"917\" height=\"615\" src=\"https:\/\/tmd.lu\/wp-content\/uploads\/2026\/01\/image-5.png\" alt=\"\" class=\"wp-image-4856\" srcset=\"https:\/\/tmd.lu\/wp-content\/uploads\/2026\/01\/image-5.png 917w, https:\/\/tmd.lu\/wp-content\/uploads\/2026\/01\/image-5-300x201.png 300w, https:\/\/tmd.lu\/wp-content\/uploads\/2026\/01\/image-5-768x515.png 768w, https:\/\/tmd.lu\/wp-content\/uploads\/2026\/01\/image-5-447x300.png 447w\" sizes=\"auto, (max-width: 917px) 100vw, 917px\" \/><\/figure>\n\n\n\n<p class=\"has-sitebg-background-color has-background\" style=\"font-size:24px\"><br>Elo musst dir d\u2018Nummer , de Validit\u00e9itsdatum an de Secherheetscode vun \u00e4rer Kreditkaart aginn<\/p>\n\n\n\n<figure class=\"wp-block-image size-full\"><img loading=\"lazy\" decoding=\"async\" width=\"466\" height=\"258\" src=\"https:\/\/tmd.lu\/wp-content\/uploads\/2026\/01\/image-6.png\" alt=\"\" class=\"wp-image-4857\" srcset=\"https:\/\/tmd.lu\/wp-content\/uploads\/2026\/01\/image-6.png 466w, https:\/\/tmd.lu\/wp-content\/uploads\/2026\/01\/image-6-300x166.png 300w\" sizes=\"auto, (max-width: 466px) 100vw, 466px\" \/><\/figure>\n\n\n\n<p class=\"has-sitebg-background-color has-background\" style=\"font-size:24px\"><br>Nodeems dir op \u201eSubmit&#8220; geklickt hutt kontroll\u00e9iert \u00e4r Bank de Payement a wann alles ok ass g\u00ebtt Folgendes ugewisen<\/p>\n\n\n\n<figure class=\"wp-block-image size-full\"><img loading=\"lazy\" decoding=\"async\" width=\"798\" height=\"684\" src=\"https:\/\/tmd.lu\/wp-content\/uploads\/2026\/01\/image-7.png\" alt=\"\" class=\"wp-image-4858\" srcset=\"https:\/\/tmd.lu\/wp-content\/uploads\/2026\/01\/image-7.png 798w, https:\/\/tmd.lu\/wp-content\/uploads\/2026\/01\/image-7-300x257.png 300w, https:\/\/tmd.lu\/wp-content\/uploads\/2026\/01\/image-7-768x658.png 768w, https:\/\/tmd.lu\/wp-content\/uploads\/2026\/01\/image-7-350x300.png 350w\" sizes=\"auto, (max-width: 798px) 100vw, 798px\" \/><\/figure>\n\n\n\n<p class=\"has-sitebg-background-color has-background\" style=\"font-size:24px\">Domadder ass \u00e4r Reservatioun best\u00e4tegt. Uewen l\u00e9nks am w\u00e4isse Feld fannt dir d\u2018Booking Nummer. (hei am Bild 4459) Dat ass d\u2018Referenznummer vun \u00e4rer Reservatioun.<\/p>\n\n\n\n<p class=\"has-sitebg-background-color has-background\" style=\"font-size:24px\">An de n\u00e4chste Minutten kritt dir eng Email gesch\u00e9ckt mat den Billjet\u00ebn am Unhang. Fir Pabeier ze spueren an d\u2018Emwelt ze schounen braucht dir d\u00e9i net ze printen. Et geet duer wann dir eis d\u2018Referenznummer vun \u00e4rer Reservatioun an der Entr\u00e9e matdeelt.<\/p>\n\n\n\n<p><\/p>\n\n\n\n<p><\/p>\n","protected":false},"excerpt":{"rendered":"<p>Reservatioun Schratt fir Schratt Um Site www.tmd.lu op \u201eOnline Reservatiounen\u201c klicken Erof scrollen bis dir d\u2018Virstellung d\u00e9i dir w\u00ebllt kucke kommen ugewise g\u00ebtt an op &hellip;<\/p>\n","protected":false},"author":4,"featured_media":0,"parent":0,"menu_order":0,"comment_status":"closed","ping_status":"closed","template":"","meta":{"footnotes":""},"class_list":["post-4849","page","type-page","status-publish","hentry"],"_links":{"self":[{"href":"https:\/\/tmd.lu\/index.php?rest_route=\/wp\/v2\/pages\/4849","targetHints":{"allow":["GET"]}}],"collection":[{"href":"https:\/\/tmd.lu\/index.php?rest_route=\/wp\/v2\/pages"}],"about":[{"href":"https:\/\/tmd.lu\/index.php?rest_route=\/wp\/v2\/types\/page"}],"author":[{"embeddable":true,"href":"https:\/\/tmd.lu\/index.php?rest_route=\/wp\/v2\/users\/4"}],"replies":[{"embeddable":true,"href":"https:\/\/tmd.lu\/index.php?rest_route=%2Fwp%2Fv2%2Fcomments&post=4849"}],"version-history":[{"count":5,"href":"https:\/\/tmd.lu\/index.php?rest_route=\/wp\/v2\/pages\/4849\/revisions"}],"predecessor-version":[{"id":4863,"href":"https:\/\/tmd.lu\/index.php?rest_route=\/wp\/v2\/pages\/4849\/revisions\/4863"}],"wp:attachment":[{"href":"https:\/\/tmd.lu\/index.php?rest_route=%2Fwp%2Fv2%2Fmedia&parent=4849"}],"curies":[{"name":"wp","href":"https:\/\/api.w.org\/{rel}","templated":true}]}}