{"id":33,"date":"2026-02-16T04:30:00","date_gmt":"2026-02-16T03:30:00","guid":{"rendered":"https:\/\/tmd.lu\/?page_id=33"},"modified":"2026-02-15T11:23:28","modified_gmt":"2026-02-15T10:23:28","slug":"reservatioun","status":"publish","type":"page","link":"https:\/\/tmd.lu\/?page_id=33","title":{"rendered":"Online Reservatiounen"},"content":{"rendered":"\n<p><\/p>\n\n\n\n<p class=\"has-text-align-center has-sitebg-background-color has-text-color has-background has-link-color wp-elements-faa0b8f4a89a2f12d8c680a4e4305193\" style=\"color:#f20707;font-size:45px\">Oppassen: d&#8217;B\u00fchn ass \u00ebnnen um Plang<\/p>\n\n\n\n<p class=\"has-sitebg-background-color has-background\" style=\"font-size:25px\">d&#8217;Reservatioun Schratt fir Schratt erkl\u00e4ert fannt dir hei <a href=\"https:\/\/tmd.lu\/?page_id=4849\" data-type=\"page\" data-id=\"4849\" target=\"_blank\" rel=\"noreferrer noopener\">hei <\/a><\/p>\n\n\n\n<p class=\"has-accent-1-color has-sitebg-background-color has-text-color has-background has-link-color wp-elements-847c67249acd1bfd6958639274a95e51\" style=\"font-size:25px\">Wichteg: Dir kritt dono eng Email mat \u00e4ren Entr\u00e9esbilljee\u00ebn. Wann d\u00ebs Email net bei Iech uk\u00ebnnt ass d&#8217;Reservatioun net  duerchgaangen. Sinn d&#8217;Suen trotzdem vun der Kreditkaart ofgaangen kann et sinn dass d&#8217;Emailadress falsch agetippt gouf. Kontakt\u00e9iert eis an dem Fall iwwer deifferdenghertheater@gmail.com <\/p>\n\n\n<div class=\"emagic\">\n    <\/div>  \n  \r\n<div class=\"emagic \" id=\"\">\r\n                        <article>\r\n                <p>There are no Events available right now.<\/p>\r\n            <\/article>\r\n            <\/div>\r\n\r\n<script type=\"text\/javascript\">\r\n    document.addEventListener(\"DOMContentLoaded\", function (event) {\r\n        jQuery(document).ready(function () {\r\n            var container = document.querySelector( '#ms-container' );\r\n            if ( container ) {\r\n                var msnry;\r\n                imagesLoaded( container, function() {\r\n                    msnry = new Masonry( container, {\r\n                        itemSelector: '#ms-container .grid-item',\r\n                    });\r\n                });\r\n            }\r\n        });\r\n        \r\n        em_width_adjust(\"#ms-container .ep-masonry-item-wrap\");\r\n        jQuery(this).prop(\"disabled\", true);\r\n    });\r\n<\/script>\r\n<style type=\"text\/css\">\r\n    .emagic .em_masonry.desktop-col-4 {\r\n        width: 23%;\r\n    }\r\n<\/style>\n\n\n\n<p><\/p>\n","protected":false},"excerpt":{"rendered":"<p>Oppassen: d&#8217;B\u00fchn ass \u00ebnnen um Plang d&#8217;Reservatioun Schratt fir Schratt erkl\u00e4ert fannt dir hei hei Wichteg: Dir kritt dono eng Email mat \u00e4ren Entr\u00e9esbilljee\u00ebn. Wann &hellip;<\/p>\n","protected":false},"author":1,"featured_media":0,"parent":0,"menu_order":0,"comment_status":"closed","ping_status":"closed","template":"","meta":{"footnotes":""},"class_list":["post-33","page","type-page","status-publish","hentry"],"_links":{"self":[{"href":"https:\/\/tmd.lu\/index.php?rest_route=\/wp\/v2\/pages\/33","targetHints":{"allow":["GET"]}}],"collection":[{"href":"https:\/\/tmd.lu\/index.php?rest_route=\/wp\/v2\/pages"}],"about":[{"href":"https:\/\/tmd.lu\/index.php?rest_route=\/wp\/v2\/types\/page"}],"author":[{"embeddable":true,"href":"https:\/\/tmd.lu\/index.php?rest_route=\/wp\/v2\/users\/1"}],"replies":[{"embeddable":true,"href":"https:\/\/tmd.lu\/index.php?rest_route=%2Fwp%2Fv2%2Fcomments&post=33"}],"version-history":[{"count":29,"href":"https:\/\/tmd.lu\/index.php?rest_route=\/wp\/v2\/pages\/33\/revisions"}],"predecessor-version":[{"id":4866,"href":"https:\/\/tmd.lu\/index.php?rest_route=\/wp\/v2\/pages\/33\/revisions\/4866"}],"wp:attachment":[{"href":"https:\/\/tmd.lu\/index.php?rest_route=%2Fwp%2Fv2%2Fmedia&parent=33"}],"curies":[{"name":"wp","href":"https:\/\/api.w.org\/{rel}","templated":true}]}}