{"id":229,"date":"2023-10-19T10:16:12","date_gmt":"2023-10-19T10:16:12","guid":{"rendered":"https:\/\/tmd.lu\/?page_id=229"},"modified":"2026-02-07T14:09:08","modified_gmt":"2026-02-07T13:09:08","slug":"faq-resevatiounen","status":"publish","type":"page","link":"https:\/\/tmd.lu\/?page_id=229","title":{"rendered":"oft gestallte Froen"},"content":{"rendered":"\n<p class=\"has-text-align-center has-sitebg-color has-sitetext-background-color has-text-color has-background has-large-font-size\">Reservatiounen n\u00ebmmen nach iwwert d\u00ebse Site www.tmd.lu<\/p>\n\n\n\n<p class=\"has-sitebg-background-color has-background\" style=\"font-size:25px\">Reservatiounen si n\u00ebmmen nach iwwert d\u00ebse Site www.tmd.lu m\u00e9iglech. Iwwer Telefon huele mir keng Reservatioune m\u00e9i entg\u00e9int. Mir hunn nach ni Reservatiounen iwwer Email, Facebook oder Instagram ugeholl, an dat \u00e4nnert och net.<\/p>\n\n\n\n<p class=\"has-sitebg-background-color has-background\" style=\"font-size:25px\">W\u00e9i soll ech also virgoe wann ech eppes un enger gemaachener Reservatioun \u00e4nnere w\u00ebll ?<\/p>\n\n\n\n<p class=\"has-accent-1-color has-sitebg-background-color has-text-color has-background has-link-color wp-elements-1e1c1739577446066939c8ecaab5d739\" style=\"font-size:25px\"><strong>Ech hu Platze reserv\u00e9iert, kann duerch een Imprevu awer net kommen? <\/strong><\/p>\n\n\n\n<p class=\"has-sitebg-background-color has-background\" style=\"font-size:25px\">Maacht eis eng Mail op deifferdengertheater@gmail.com , gitt eis Identifikatiounsnummer duerch d\u00e9i mir sollenannul\u00e9ieren. Mir ginn d\u00e9i Platzen er\u00ebm fr\u00e4i, iwwerweisen d\u2018Suen awer n\u00ebmmen zer\u00e9ck am Fall wou d\u00e9i Platzen er\u00ebm nei verkaaft ginn.<\/p>\n\n\n\n<p class=\"has-accent-1-color has-sitebg-background-color has-text-color has-background has-link-color wp-elements-2ebb1b7b7f11684cd809342a27c6b263\" style=\"font-size:25px\"><strong>Ech muss een Deel vu menge reserv\u00e9ierte Platzen annul\u00e9ieren?<\/strong><\/p>\n\n\n\n<p class=\"has-sitebg-background-color has-background\" style=\"font-size:25px\">Maacht eis eng Mail op deifferdengertheater@gmail.com , gitt eis Identifikatiounsnummer an d\u2018Nummer vun de Platzen duerch d\u00e9i mir sollen annul\u00e9ieren. Mir ginn d\u00e9i Platzen er\u00ebm fr\u00e4i, iwwerweisen d\u2018Suen awer n\u00ebmmen zer\u00e9ck am Fall wou d\u00e9i Platzen er\u00ebm nei verkaaft ginn.<\/p>\n\n\n\n<p class=\"has-accent-1-color has-sitebg-background-color has-text-color has-background has-link-color wp-elements-e8b24cef08a26fbcddfb136a6007a126\" style=\"font-size:25px\"><strong>Ech hu reserv\u00e9iert, awer w\u00ebll een aneren Dag kucke kommen?<\/strong><\/p>\n\n\n\n<p class=\"has-sitebg-background-color has-background\" style=\"font-size:25px\">Maacht eng weider Reservatioun iwwer de Site www.tmd.lu fir d\u00e9i nei Platzen ze reserv\u00e9ieren, an dono eng Mail op deifferdengertheater@gmail.com , gitt eis Identifikatiounsnummer vun d\u00e4r aler Reservatioun duerch d\u00e9i mir sollen annul\u00e9ieren. Mir ginn d\u00e9i Platzen er\u00ebm fr\u00e4i,iwwerweisen d\u2018Suen awer n\u00ebmmen zer\u00e9ck am Fall wou d\u00e9i Platzen er\u00ebm nei verkaaft ginn.<\/p>\n\n\n\n<p class=\"has-accent-1-color has-sitebg-background-color has-text-color has-background has-link-color wp-elements-3dbcf0b897bd2fee2eaecb0338b5e9d5\" style=\"font-size:25px\"><strong>Ech si net eens gi fir d\u2018Unzuel vun de Kanner unzeginn? <\/strong><\/p>\n\n\n\n<p class=\"has-sitebg-background-color has-background\" style=\"font-size:25px\">Sollt et net klappen, einfach an der Oweskees Bescheed soen, a mir bezuelen Iech d\u2018Differenz zer\u00e9ck<\/p>\n\n\n\n<p class=\"has-headings-color has-sitebg-background-color has-text-color has-background has-link-color wp-elements-dee0641fa914e4f8abcebdba149bee18\"><\/p>\n\n\n\n<p><\/p>\n\n\n\n<p><\/p>\n","protected":false},"excerpt":{"rendered":"<p>Reservatiounen n\u00ebmmen nach iwwert d\u00ebse Site www.tmd.lu Reservatiounen si n\u00ebmmen nach iwwert d\u00ebse Site www.tmd.lu m\u00e9iglech. Iwwer Telefon huele mir keng Reservatioune m\u00e9i entg\u00e9int. Mir &hellip;<\/p>\n","protected":false},"author":4,"featured_media":0,"parent":0,"menu_order":0,"comment_status":"closed","ping_status":"closed","template":"","meta":{"footnotes":""},"class_list":["post-229","page","type-page","status-publish","hentry"],"_links":{"self":[{"href":"https:\/\/tmd.lu\/index.php?rest_route=\/wp\/v2\/pages\/229","targetHints":{"allow":["GET"]}}],"collection":[{"href":"https:\/\/tmd.lu\/index.php?rest_route=\/wp\/v2\/pages"}],"about":[{"href":"https:\/\/tmd.lu\/index.php?rest_route=\/wp\/v2\/types\/page"}],"author":[{"embeddable":true,"href":"https:\/\/tmd.lu\/index.php?rest_route=\/wp\/v2\/users\/4"}],"replies":[{"embeddable":true,"href":"https:\/\/tmd.lu\/index.php?rest_route=%2Fwp%2Fv2%2Fcomments&post=229"}],"version-history":[{"count":15,"href":"https:\/\/tmd.lu\/index.php?rest_route=\/wp\/v2\/pages\/229\/revisions"}],"predecessor-version":[{"id":4871,"href":"https:\/\/tmd.lu\/index.php?rest_route=\/wp\/v2\/pages\/229\/revisions\/4871"}],"wp:attachment":[{"href":"https:\/\/tmd.lu\/index.php?rest_route=%2Fwp%2Fv2%2Fmedia&parent=229"}],"curies":[{"name":"wp","href":"https:\/\/api.w.org\/{rel}","templated":true}]}}