{"id":2,"date":"2023-10-03T18:06:37","date_gmt":"2023-10-03T18:06:37","guid":{"rendered":"https:\/\/tmd.lu\/?page_id=2"},"modified":"2026-02-12T21:47:33","modified_gmt":"2026-02-12T20:47:33","slug":"sample-page","status":"publish","type":"page","link":"https:\/\/tmd.lu\/","title":{"rendered":"Aktuell"},"content":{"rendered":"\n<p class=\"has-text-align-center has-headings-color has-sitebg-background-color has-text-color has-background has-link-color wp-elements-065768567133c4e55554eeb9abd6d640\" style=\"font-size:50px\">W\u00e9i e F\u00ebsch am Waasser<\/p>\n\n\n<div class=\"wp-block-image\">\n<figure class=\"aligncenter size-large is-resized\"><img loading=\"lazy\" decoding=\"async\" width=\"724\" height=\"1024\" src=\"https:\/\/tmd.lu\/wp-content\/uploads\/2026\/02\/Fesch-Affiche-1-724x1024.png\" alt=\"\" class=\"wp-image-4869\" style=\"aspect-ratio:0.7070483573161613;width:685px;height:auto\" srcset=\"https:\/\/tmd.lu\/wp-content\/uploads\/2026\/02\/Fesch-Affiche-1-724x1024.png 724w, https:\/\/tmd.lu\/wp-content\/uploads\/2026\/02\/Fesch-Affiche-1-212x300.png 212w, https:\/\/tmd.lu\/wp-content\/uploads\/2026\/02\/Fesch-Affiche-1-768x1086.png 768w, https:\/\/tmd.lu\/wp-content\/uploads\/2026\/02\/Fesch-Affiche-1-1086x1536.png 1086w, https:\/\/tmd.lu\/wp-content\/uploads\/2026\/02\/Fesch-Affiche-1-1448x2048.png 1448w, https:\/\/tmd.lu\/wp-content\/uploads\/2026\/02\/Fesch-Affiche-1.png 1587w\" sizes=\"auto, (max-width: 724px) 100vw, 724px\" \/><\/figure>\n<\/div>\n\n\n<p class=\"has-text-align-center has-headings-color has-sitebg-background-color has-text-color has-background has-link-color wp-elements-fee293351d063ba7a739dcd77eba95ba\" style=\"font-size:25px\">D\u00ebst ass kee Klamauk! <br>Trotzdeem d\u00e4erf h\u00e4erzhaft gelaacht ginn.<\/p>\n\n\n\n<p class=\"has-text-align-center has-headings-color has-sitebg-background-color has-text-color has-background has-link-color wp-elements-62efaa1379d278d81b732a56b5ef15e8\" style=\"font-size:25px\">Weider Informatiounen <a href=\"https:\/\/tmd.lu\/?page_id=4707\" data-type=\"page\" data-id=\"4707\">hei<\/a><\/p>\n\n\n\n<p class=\"has-text-align-center has-headings-color has-sitebg-background-color has-text-color has-background has-link-color wp-elements-61e236bd041f16e2e05ebfc08a6046e8\" style=\"font-size:25px\">Reservatiounen ab dem 16. Februar 2026 <a href=\"https:\/\/tmd.lu\/?page_id=33\" data-type=\"page\" data-id=\"33\">hei<\/a><\/p>\n\n\n\n<p><\/p>\n","protected":false},"excerpt":{"rendered":"<p>W\u00e9i e F\u00ebsch am Waasser D\u00ebst ass kee Klamauk! Trotzdeem d\u00e4erf h\u00e4erzhaft gelaacht ginn. Weider Informatiounen hei Reservatiounen ab dem 16. Februar 2026 hei<\/p>\n","protected":false},"author":1,"featured_media":0,"parent":0,"menu_order":0,"comment_status":"closed","ping_status":"open","template":"","meta":{"footnotes":""},"class_list":["post-2","page","type-page","status-publish","hentry"],"_links":{"self":[{"href":"https:\/\/tmd.lu\/index.php?rest_route=\/wp\/v2\/pages\/2","targetHints":{"allow":["GET"]}}],"collection":[{"href":"https:\/\/tmd.lu\/index.php?rest_route=\/wp\/v2\/pages"}],"about":[{"href":"https:\/\/tmd.lu\/index.php?rest_route=\/wp\/v2\/types\/page"}],"author":[{"embeddable":true,"href":"https:\/\/tmd.lu\/index.php?rest_route=\/wp\/v2\/users\/1"}],"replies":[{"embeddable":true,"href":"https:\/\/tmd.lu\/index.php?rest_route=%2Fwp%2Fv2%2Fcomments&post=2"}],"version-history":[{"count":51,"href":"https:\/\/tmd.lu\/index.php?rest_route=\/wp\/v2\/pages\/2\/revisions"}],"predecessor-version":[{"id":4913,"href":"https:\/\/tmd.lu\/index.php?rest_route=\/wp\/v2\/pages\/2\/revisions\/4913"}],"wp:attachment":[{"href":"https:\/\/tmd.lu\/index.php?rest_route=%2Fwp%2Fv2%2Fmedia&parent=2"}],"curies":[{"name":"wp","href":"https:\/\/api.w.org\/{rel}","templated":true}]}}