{"id":132,"date":"2023-10-16T16:48:07","date_gmt":"2023-10-16T16:48:07","guid":{"rendered":"https:\/\/tmd.lu\/?page_id=132"},"modified":"2023-10-16T17:04:36","modified_gmt":"2023-10-16T17:04:36","slug":"booking-details","status":"publish","type":"page","link":"https:\/\/tmd.lu\/?page_id=132","title":{"rendered":"Reservatiounen"},"content":{"rendered":"\n<p>\u00c4r Reservatioun ass best\u00e4tegt.<\/p>\n\n\n\n<p>Eng mail gouf versch\u00e9ckt&nbsp;mat allen Detailer&nbsp;an och mat \u00e4ren Ticketen. <\/p>\n\n\n\n<p><strong>Kontroll\u00e9iert \u00e4ren SPAM Folder!!<\/strong><\/p>\n\n\n\n<p>Hei zous\u00e4tzlech Detailer&nbsp;mat den Ticketen.<\/p>\n\n\n","protected":false},"excerpt":{"rendered":"<p>\u00c4r Reservatioun ass best\u00e4tegt. Eng mail gouf versch\u00e9ckt&nbsp;mat allen Detailer&nbsp;an och mat \u00e4ren Ticketen. Kontroll\u00e9iert \u00e4ren SPAM Folder!! Hei zous\u00e4tzlech Detailer&nbsp;mat den Ticketen.<\/p>\n","protected":false},"author":1,"featured_media":0,"parent":0,"menu_order":0,"comment_status":"closed","ping_status":"closed","template":"","meta":{"footnotes":""},"class_list":["post-132","page","type-page","status-publish","hentry"],"_links":{"self":[{"href":"https:\/\/tmd.lu\/index.php?rest_route=\/wp\/v2\/pages\/132","targetHints":{"allow":["GET"]}}],"collection":[{"href":"https:\/\/tmd.lu\/index.php?rest_route=\/wp\/v2\/pages"}],"about":[{"href":"https:\/\/tmd.lu\/index.php?rest_route=\/wp\/v2\/types\/page"}],"author":[{"embeddable":true,"href":"https:\/\/tmd.lu\/index.php?rest_route=\/wp\/v2\/users\/1"}],"replies":[{"embeddable":true,"href":"https:\/\/tmd.lu\/index.php?rest_route=%2Fwp%2Fv2%2Fcomments&post=132"}],"version-history":[{"count":1,"href":"https:\/\/tmd.lu\/index.php?rest_route=\/wp\/v2\/pages\/132\/revisions"}],"predecessor-version":[{"id":143,"href":"https:\/\/tmd.lu\/index.php?rest_route=\/wp\/v2\/pages\/132\/revisions\/143"}],"wp:attachment":[{"href":"https:\/\/tmd.lu\/index.php?rest_route=%2Fwp%2Fv2%2Fmedia&parent=132"}],"curies":[{"name":"wp","href":"https:\/\/api.w.org\/{rel}","templated":true}]}}