{"id":108,"date":"2023-10-12T08:14:31","date_gmt":"2023-10-12T08:14:31","guid":{"rendered":"https:\/\/tmd.lu\/?page_id=108"},"modified":"2024-11-21T22:27:58","modified_gmt":"2024-11-21T21:27:58","slug":"kontakteiert-eis","status":"publish","type":"page","link":"https:\/\/tmd.lu\/?page_id=108","title":{"rendered":"Kontakt\u00e9ier eis &#8230;"},"content":{"rendered":"\n<p class=\"has-sitebg-background-color has-background\" style=\"font-size:25px\">&#8230;. am Beschten mat enger Email op     &lt;<a href=\"mailto:deifferdengertheater@gmail.com\" target=\"_blank\" rel=\"noreferrer noopener\">deifferdengertheater@gmail.com<\/a>&gt;  <\/p>\n\n\n\n<p class=\"has-sitebg-background-color has-background\" style=\"font-size:25px\">Facebook : <a href=\"https:\/\/www.facebook.com\/DeifferdengerTheater\" target=\"_blank\" rel=\"noreferrer noopener\">https:\/\/www.facebook.com\/DeifferdengerTheater<\/a><\/p>\n\n\n\n<p class=\"has-sitebg-background-color has-background\" style=\"font-size:25px\">BCEE  LU14  0019  1355  3646  4000<\/p>\n\n\n\n<p class=\"has-headings-color has-sitebg-background-color has-text-color has-background has-link-color wp-elements-b40346030c815ddb7abcf49df3a091b7\" style=\"font-size:25px\">Th\u00e9\u00e2tre Municipal de la Ville de Differdange a.s.b.l.<br>si\u00e8ge social : rue Prince Henri L-4579 Differdange<br>R.C.S. :  F5386<\/p>\n\n\n\n<p class=\"has-headings-color has-sitebg-background-color has-text-color has-background has-link-color wp-elements-7a08ee2c452626a41d711f69e234a3e5\" style=\"font-size:25px\">Den Theatersall fann Dir <a href=\"https:\/\/tmd.lu\/?page_id=35\" data-type=\"page\" data-id=\"35\">hei<\/a> <\/p>\n","protected":false},"excerpt":{"rendered":"<p>&#8230;. am Beschten mat enger Email op &lt;deifferdengertheater@gmail.com&gt; Facebook : https:\/\/www.facebook.com\/DeifferdengerTheater BCEE LU14 0019 1355 3646 4000 Th\u00e9\u00e2tre Municipal de la Ville de Differdange a.s.b.l.si\u00e8ge &hellip;<\/p>\n","protected":false},"author":1,"featured_media":0,"parent":0,"menu_order":0,"comment_status":"closed","ping_status":"closed","template":"","meta":{"footnotes":""},"class_list":["post-108","page","type-page","status-publish","hentry"],"_links":{"self":[{"href":"https:\/\/tmd.lu\/index.php?rest_route=\/wp\/v2\/pages\/108","targetHints":{"allow":["GET"]}}],"collection":[{"href":"https:\/\/tmd.lu\/index.php?rest_route=\/wp\/v2\/pages"}],"about":[{"href":"https:\/\/tmd.lu\/index.php?rest_route=\/wp\/v2\/types\/page"}],"author":[{"embeddable":true,"href":"https:\/\/tmd.lu\/index.php?rest_route=\/wp\/v2\/users\/1"}],"replies":[{"embeddable":true,"href":"https:\/\/tmd.lu\/index.php?rest_route=%2Fwp%2Fv2%2Fcomments&post=108"}],"version-history":[{"count":8,"href":"https:\/\/tmd.lu\/index.php?rest_route=\/wp\/v2\/pages\/108\/revisions"}],"predecessor-version":[{"id":3132,"href":"https:\/\/tmd.lu\/index.php?rest_route=\/wp\/v2\/pages\/108\/revisions\/3132"}],"wp:attachment":[{"href":"https:\/\/tmd.lu\/index.php?rest_route=%2Fwp%2Fv2%2Fmedia&parent=108"}],"curies":[{"name":"wp","href":"https:\/\/api.w.org\/{rel}","templated":true}]}}